{"id":5,"date":"2022-06-15T05:58:30","date_gmt":"2022-06-15T05:58:30","guid":{"rendered":"https:\/\/sim-technology.hr\/index.php\/mesmerize\/"},"modified":"2024-03-06T19:39:57","modified_gmt":"2024-03-06T19:39:57","slug":"mesmerize","status":"publish","type":"page","link":"https:\/\/sim-technology.hr\/","title":{"rendered":"Front Page"},"content":{"rendered":"<div  data-label=\"Features\" data-id=\"features--1\" data-export-id=\"features-12\" data-category=\"features\" class=\"features-12 content-section content-section-spacing \" id=\"about\" style=\"background-color: rgb(245, 250, 253); background-image: none;\"><div  class=\"gridContainer\"> <div  class=\"row text-center\"><div  class=\"section-title-col\" data-type=\"column\"> <h2  class=\"\">O NAMA<\/h2> <\/div> <\/div> <div  class=\"row spaced-cols\" data-type=\"row\"> <div  class=\"col-sm-6\"> <div  class=\"row space-bottom\"> <div  class=\"col-sm-fit icon-column\"> <i  class=\"fa icon color5 fa-fast-forward bordered round\"><\/i> <\/div> <div  class=\"col-sm\" data-type=\"column\"> <h5  class=\"color5\">BRZ ODGOVOR I IZRADA<\/h5> <p  class=\"\">Jam\u010dimo odgovor unutar 24 sata na svaki upit te izradu u \u0161to kra\u0107em vremenskom razdoblju.<\/p><\/div> <\/div><\/div> <div  class=\"col-sm-6\"><div  class=\"row space-bottom\"> <div  class=\"col-sm-fit icon-column\"><i  class=\"fa icon color5 fa-diamond bordered round\"><\/i><\/div> <div  class=\"col-sm\" data-type=\"column\"><h5  class=\"color5\">VISOKA KVALITETA<\/h5> <p  class=\"\">Izra\u0111ujemo visoko kvalitetne pozicije prema ISO standardima.<\/p><\/div> <\/div><\/div>   <\/div><\/div> <\/div><div  id=\"features-1\" style=\"background-color: #ffffff;\" data-label=\"Features\" data-id=\"features-16-card-bordered-mc\" data-export-id=\"features-16-card-bordered-mc\" data-bullets-visibility=\"true\" data-category=\"features\" class=\"features-16-card-bordered-mc content-section content-section-spacing\">\n<div  class=\"gridContainer\">\n<div  class=\"row text-center\">\n<div  class=\"section-title-col\" data-type=\"column\">\n<h2  class=\"\">NUDIMO KREATIVNA RJE\u0160ENJA!<\/h2>\n<p  class=\"subtitle\">uz pravi tim s lako\u0107om \u0107emo Vam odraditi gotov proizvod od nule do najsitnijih detalja!<\/p>\n<\/div>\n<\/div>\n<div  class=\"row spaced-cols center-sm content-center-sm\" data-type=\"row\">\n<div  class=\"col-xs-12 col-sm-6 col-md-4\">\n<div  class=\"card no-padding y-move card-bg content-wrapper\"> <img  decoding=\"async\" class=\"face img-width\" src=\"https:\/\/sim-technology.hr\/wp-content\/uploads\/2023\/03\/cropped-IMG_4405-Small.png\" title=\"cropped-IMG_4405-Small.png\" alt=\"\"> \n<div  data-type=\"column\" class=\"col-padding-small col-padding-small-xs description-container\">\n<h4  class=\"font-500 color5\">CAD\/CAM<\/h4>\n<p  class=\"color-wh\">vr\u0161imo uslugu konstruiranja dizajniranja te programiranja pozicija sukladno va\u0161im pravilima i zahtjevima.<\/p>\n<\/div>\n<\/div>\n<\/div>\n<div  class=\"col-xs-12 col-sm-6 col-md-4\">\n<div  class=\"card no-padding y-move card-bg content-wrapper\"> <img  decoding=\"async\" class=\"face\" src=\"https:\/\/sim-technology.hr\/wp-content\/uploads\/2023\/03\/cropped-cropped-image_67189249-scaled-2-e1678559008595.jpg\" title=\"image_67189249\" alt=\"\"> \n<div  data-type=\"column\" class=\"col-padding-small col-padding-small-xs description-container\">\n<h4  class=\"font-500 color5\">CNC&nbsp;<\/h4>\n<p  class=\"color-wh\">nudimo uslugu tokarenja i glodanja u svim granama (faramcija, medicina, robotika, auto industrija)<\/p>\n<\/div>\n<\/div>\n<\/div>\n<\/div>\n<\/div>\n<\/div><div  id=\"content-1\" style=\"background-color: #f5fafd;\" data-label=\"Content\" data-id=\"content-7-mc\" data-export-id=\"content-7-mc\" data-category=\"content\" class=\"content-7-mc content-section content-section-spacing\">\n<div  class=\"gridContainer\">\n<div  class=\"row middle-sm\">\n<div  class=\"col-sm-6 space-bottom-xs\" data-type=\"column\">\n<h2  class=\"\">VF2YT EU<\/h2>\n<p  class=\"\">vertikalna glodalica radnog prostora X750mm x Y500mm x Z500mm<\/p>\n<p  class=\"\">novije generacije 2022.<\/p>\n<p  class=\"\"><a class=\"button color5 btn-color\" href=\"\/\/www.haascnc.com\/machines\/Special-Series\/eu-series\/vf-2yt-eu.html\" target=\"_blank\" data-cp-link=\"1\" rel=\"noopener\">SAZNAJTE VI\u0160E<\/a><\/p>\n<\/div>\n<div  class=\"col-sm-6\" data-type=\"column\"> <img  decoding=\"async\" class=\"shadow-large\" src=\"https:\/\/sim-technology.hr\/wp-content\/uploads\/2023\/03\/cropped-vf2yt.jpg\" title=\"cropped-vf2yt.jpg\" alt=\"\"><\/div>\n<p >\n<\/p><\/div>\n<\/div>\n<\/div><div  id=\"content-2\" style=\"background-color: #ffffff;\" data-label=\"Content\" data-id=\"content-8-mc\" data-export-id=\"content-8-mc\" data-category=\"content\" class=\"content-8-mc content-section content-section-spacing\">\n<div  class=\"gridContainer\">\n<div  class=\"row middle-sm\">\n<div  class=\"col-sm-6 space-bottom-xs space-top-xs\" data-type=\"column\"> <img  decoding=\"async\" class=\"shadow-large\" src=\"https:\/\/sim-technology.hr\/wp-content\/uploads\/2023\/03\/st10.jpg\" title=\"st10\" alt=\"\"><\/div>\n<div  class=\"col-sm-6\" data-type=\"column\">\n<h2  class=\"\">ST10<\/h2>\n<p  class=\"\">tokarilica sa pogonjenim alatima radnog prostora D160mm du\u017eine 400mm<\/p>\n<p  class=\"\">novije generacije 2022.<\/p>\n<p  class=\"\"><a class=\"button color5 btn-color\" href=\"\/\/www.haascnc.com\/machines\/lathes\/st\/models\/standard\/st-10.html\" target=\"_blank\" data-cp-link=\"1\" rel=\"noopener\">SAZNAJTE VI\u0160E<\/a><\/p>\n<\/div>\n<p >\n<\/p><\/div>\n<\/div>\n<\/div><div  id=\"ourteam\" style=\"background-color: #ffffff;\" data-label=\"Team\" data-id=\"team-5-mc\" data-export-id=\"team-5-mc\" data-bullets-visibility=\"true\" data-category=\"team\" class=\"team-5-mc content-section content-section-spacing\">\n<div  class=\"gridContainer\">\n<div  class=\"row text-center\">\n<div  class=\"section-title-col\" data-type=\"column\">\n<h2  class=\"\">NA\u0160 TIM<\/h2>\n<p  class=\"\">\n<\/p><\/div>\n<p >\n<\/p><\/div>\n<div  class=\"row spaced-cols content-center-sm center-sm\" data-type=\"row\">\n<div  class=\"col-xs-12 col-sm-6 col-md-4 col-padding\">\n<div  class=\"content-wrapper team-border\" style=\"align-items: center;\">\n<img  decoding=\"async\" class=\"round face\" src=\"https:\/\/sim-technology.hr\/wp-content\/uploads\/2023\/03\/cropped-cropped-person.jpg\" title=\"cropped-cropped-person.jpg\" alt=\"\"> \n<h4  class=\"font-500\">Mario Mlinari\u0107<\/h4>\n<p  class=\"italic\">Director<\/p>\n<p  class=\"\">Ideja na\u0161e Firme je ne zadovoljiti se dobrim ve\u010d savr\u0161enim.<br >\n<br >Potaknuti iskustvom i predno\u0161\u0107u nastojimo Vam pru\u017eiti rije\u0161enje na svaki Va\u0161 problem.<\/p>\n<div  class=\"social-icons-group social\" data-type=\"group\"> <a href=\"#\" target=\"_self\" rel=\"noopener\"><i  class=\"gray fa icon fa-mobile-phone\"><\/i><\/a> <a href=\"#\" target=\"_self\" rel=\"noopener\"><i  class=\"gray fa icon fa-envelope-o\"><\/i><\/a> <a href=\"#\" target=\"_self\" rel=\"noopener\"><i  class=\"gray fa icon fa-whatsapp\"><\/i><\/a> <a href=\"#\" target=\"_self\" data-reiki-hidden=\"true\" rel=\"noopener\"><i  class=\"gray fa icon fa-google-plus-square\"><\/i><\/a><\/div>\n<\/div>\n<\/div>\n<div  class=\"col-xs-12 col-sm-6 col-md-4 col-padding\">\n<div  class=\"content-wrapper team-border\" style=\"align-items: center;\">\n<img  decoding=\"async\" class=\"round face\" src=\"https:\/\/sim-technology.hr\/wp-content\/uploads\/2023\/03\/cropped-cropped-person.jpg\" title=\"cropped-cropped-person.jpg\" alt=\"\"> \n<h4  class=\"font-500\">Josip Sever<\/h4>\n<p  class=\"italic\">Director<\/p>\n<p  class=\"\">\u201ccilj na\u0161e firme je rije\u0161avati probleme i otklanjati ih na adekvatan na\u010din kako bi Vama smanjili potro\u0161nju a pove\u010dali kvalitetu\u201d<\/p>\n<div  class=\"social-icons-group social\" data-type=\"group\"> <a href=\"#+385 91 5402 349\" target=\"_self\" rel=\"noopener\"><i  class=\"gray fa icon fa-mobile-phone\"><\/i><\/a> <a href=\"#\" target=\"_self\" rel=\"noopener\"><i  class=\"gray fa icon fa-envelope-o\"><\/i><\/a> <a href=\"#+385 91 5402 349\" target=\"_self\" rel=\"noopener\"><i  class=\"gray fa icon fa-whatsapp\"><\/i><\/a> <a href=\"#\" target=\"_self\" data-reiki-hidden=\"true\" rel=\"noopener\"><i  class=\"gray fa icon fa-google-plus-square\"><\/i><\/a><\/div>\n<\/div>\n<\/div>\n<\/div>\n<p >&nbsp; &nbsp; &nbsp; &nbsp; &nbsp; &nbsp; &nbsp; &nbsp; &nbsp; &nbsp; &nbsp; &nbsp; &nbsp; &nbsp; &nbsp; &nbsp; &nbsp; &nbsp; &nbsp; &nbsp; &nbsp; &nbsp; &nbsp; &nbsp; &nbsp; &nbsp; &nbsp; &nbsp; &nbsp; &nbsp; &nbsp; &nbsp; &nbsp; &nbsp; &nbsp; &nbsp; &nbsp; &nbsp; &nbsp; &nbsp; &nbsp;ACTA, NON VERBA. \u2013 \u201cDJELA, NE RIJE\u010cI\u201d<\/p>\n<\/div>\n<\/div><div  data-label=\"Portfolio\" data-id=\"portfolio--1\" data-export-id=\"portfolio-5-mc\" data-category=\"portfolio\" class=\"portfolio-5-mc content-section content-section-spacing section-title-col-white-text bg-color1 full-screen-section\" id=\"portfolio\" style=\"background-image: none; background-color: rgb(255, 255, 255);\">\n<div  class=\"gridContainer\">\n<div  class=\"row text-center\">\n<div  class=\"section-title-col\" data-type=\"column\">\n<h5  class=\"\">PRIMJERI NA\u0160IH POZICIJA<\/h5>\n<p  class=\"\"><\/p><\/div>\n<p ><\/p><\/div>\n<div  class=\"row space-bottom spaced-cols\" data-type=\"row\">\n<div  class=\"col-xs-12 col-sm-4 text-center\">\n<div  class=\"card no-padding bordered\">\n<div  data-hover-fx=\"portfolio-6\" class=\"contentswap-effect contentswap-overlay\" style=\"float: none; margin: 0; width: 100%;\">\n<div  class=\"initial-image\" style=\"float: none; margin: 0;\"> <img  decoding=\"async\" data-size=\"500x333\" src=\"https:\/\/sim-technology.hr\/wp-content\/uploads\/2023\/03\/cropped-IMG_4468-scaled-1.jpg\"><\/div>\n<div  class=\"overlay bg-color6\" style=\"display: block; transition: opacity 800ms ease 0s; -webkit-transition-timing-function: ease; -moz-transition-timing-function: ease; -o-transition-timing-function: ease; transition-timing-function: ease;\"><\/div>\n<div  class=\"swap-inner col-xs-12\" style=\"display: block; transition: all 800ms ease 0s; background-color: rgba(0,0,0,0); margin-top: 0;\">\n<div  class=\"row full-height-row middle-xs middle-sm\">\n<div  class=\"col-xs-12 text-center content-holder\"> <a class=\"button small color5\" href=\"#\" target=\"_self\" data-cp-link=\"1\" rel=\"noopener\">TOKARENJE-GLODANJE<\/a><\/div>\n<p ><\/p><\/div>\n<\/div><\/div>\n<div  class=\"col-xs-12\">\n<div  class=\"space-bottom space-top\" data-type=\"column\">  <\/div>\n<p ><\/p><\/div>\n<\/div><\/div>\n<div  class=\"col-xs-12 col-sm-4 text-center\">\n<div  class=\"card no-padding bordered\">\n<div  data-hover-fx=\"portfolio-6\" class=\"contentswap-effect contentswap-overlay\" style=\"float: none; margin: 0; width: 100%;\">\n<div  class=\"initial-image\" style=\"float: none; margin: 0;\"> <img  decoding=\"async\" data-size=\"500x333\" src=\"https:\/\/sim-technology.hr\/wp-content\/uploads\/2023\/03\/IMG_4469-scaled.jpg\"><\/div>\n<div  class=\"overlay bg-color6\" style=\"display: block; transition: opacity 800ms ease 0s; -webkit-transition-timing-function: ease; -moz-transition-timing-function: ease; -o-transition-timing-function: ease; transition-timing-function: ease;\"><\/div>\n<div  class=\"swap-inner col-xs-12\" style=\"display: block; transition: all 800ms ease 0s; background-color: rgba(0,0,0,0); margin-top: 0;\">\n<div  class=\"row full-height-row middle-xs middle-sm\">\n<div  class=\"col-xs-12 text-center content-holder\"> <a class=\"button small color5\" href=\"#\" target=\"_self\" data-cp-link=\"1\" rel=\"noopener\">TOKARENJE-GLODANJE<\/a><\/div>\n<p ><\/p><\/div>\n<\/div><\/div>\n<div  class=\"col-xs-12\">\n<div  class=\"space-bottom space-top\" data-type=\"column\">  <\/div>\n<p ><\/p><\/div>\n<\/div><\/div>\n<div  class=\"col-xs-12 col-sm-4 text-center\">\n<div  class=\"card no-padding bordered\">\n<div  data-hover-fx=\"portfolio-6\" class=\"contentswap-effect contentswap-overlay\" style=\"float: none; margin: 0; width: 100%;\">\n<div  class=\"initial-image\" style=\"float: none; margin: 0;\"> <img  decoding=\"async\" data-size=\"500x333\" src=\"https:\/\/sim-technology.hr\/wp-content\/uploads\/2023\/03\/IMG_4470-scaled.jpg\"><\/div>\n<div  class=\"overlay bg-color6\" style=\"display: block; transition: opacity 800ms ease 0s; -webkit-transition-timing-function: ease; -moz-transition-timing-function: ease; -o-transition-timing-function: ease; transition-timing-function: ease;\"><\/div>\n<div  class=\"swap-inner col-xs-12\" style=\"display: block; transition: all 800ms ease 0s; background-color: rgba(0,0,0,0); margin-top: 0;\">\n<div  class=\"row full-height-row middle-xs middle-sm\">\n<div  class=\"col-xs-12 text-center content-holder\"> <a class=\"button small color5\" href=\"#\" target=\"_self\" data-cp-link=\"1\" rel=\"noopener\">SITNE POZICIJE<\/a><\/div>\n<p ><\/p><\/div>\n<\/div><\/div>\n<div  class=\"col-xs-12\">\n<div  class=\"space-bottom space-top\" data-type=\"column\">  <\/div>\n<p ><\/p><\/div>\n<\/div><\/div>\n<\/div>\n<div  class=\"row\">\n<div  data-type=\"column\" class=\"col-xs-12 text-center\"> <\/div>\n<p ><\/p><\/div>\n<\/div><\/div><p ><\/p><p ><!-- .wpforms-container --><\/p><!-- .wpforms-container -->","protected":false},"excerpt":{"rendered":"<p>O NAMA BRZ ODGOVOR I IZRADA Jam\u010dimo odgovor unutar 24 sata na svaki upit te izradu u \u0161to kra\u0107em vremenskom razdoblju. VISOKA KVALITETA Izra\u0111ujemo visoko kvalitetne pozicije prema ISO standardima. NUDIMO KREATIVNA RJE\u0160ENJA! uz pravi tim s lako\u0107om \u0107emo Vam odraditi gotov proizvod od nule do najsitnijih detalja! CAD\/CAM vr\u0161imo uslugu konstruiranja dizajniranja te programiranja&hellip; <br \/> <a class=\"read-more\" href=\"https:\/\/sim-technology.hr\/\">Read more<\/a><\/p>\n","protected":false},"author":1,"featured_media":0,"parent":0,"menu_order":0,"comment_status":"closed","ping_status":"closed","template":"page-templates\/homepage.php","meta":{"footnotes":""},"class_list":["post-5","page","type-page","status-publish","hentry"],"_links":{"self":[{"href":"https:\/\/sim-technology.hr\/index.php\/wp-json\/wp\/v2\/pages\/5","targetHints":{"allow":["GET"]}}],"collection":[{"href":"https:\/\/sim-technology.hr\/index.php\/wp-json\/wp\/v2\/pages"}],"about":[{"href":"https:\/\/sim-technology.hr\/index.php\/wp-json\/wp\/v2\/types\/page"}],"author":[{"embeddable":true,"href":"https:\/\/sim-technology.hr\/index.php\/wp-json\/wp\/v2\/users\/1"}],"replies":[{"embeddable":true,"href":"https:\/\/sim-technology.hr\/index.php\/wp-json\/wp\/v2\/comments?post=5"}],"version-history":[{"count":57,"href":"https:\/\/sim-technology.hr\/index.php\/wp-json\/wp\/v2\/pages\/5\/revisions"}],"predecessor-version":[{"id":202,"href":"https:\/\/sim-technology.hr\/index.php\/wp-json\/wp\/v2\/pages\/5\/revisions\/202"}],"wp:attachment":[{"href":"https:\/\/sim-technology.hr\/index.php\/wp-json\/wp\/v2\/media?parent=5"}],"curies":[{"name":"wp","href":"https:\/\/api.w.org\/{rel}","templated":true}]}}